{"id":1471,"date":"2024-06-18T11:16:19","date_gmt":"2024-06-18T14:16:19","guid":{"rendered":"https:\/\/aflsa.ca\/general-terms-and-conditions\/"},"modified":"2024-06-28T15:39:22","modified_gmt":"2024-06-28T18:39:22","slug":"general-terms-and-conditions","status":"publish","type":"page","link":"https:\/\/aflsa.ca\/en\/general-terms-and-conditions\/","title":{"rendered":"Terms and Conditions"},"content":{"rendered":"\n<div style=\"height:32px\" aria-hidden=\"true\" class=\"wp-block-spacer\"><\/div>\n<div class=\"gb-container gb-container-2e6e5e32\">\n\n<p class=\"gb-headline gb-headline-1a0279c9 gb-headline-text\">Date modified :<\/p>\n\n\n\n<p class=\"gb-headline gb-headline-a4fc239e gb-headline-text\"><span data-stk-dynamic=\"current-page\/post-modified\/?format=custom&amp;custom_format=d%2Fm%2FY\" contenteditable=\"false\" class=\"stk-dynamic-content\">17\/06\/2024<\/span><\/p>\n\n<\/div><div class=\"gb-container gb-container-ddb49128\">\n\n<h5 class=\"gb-headline gb-headline-3ab9990c gb-headline-text\"><strong>Introduction<\/strong><\/h5>\n\n\n\n<p class=\"gb-headline gb-headline-d4fee503 gb-headline-text\">Welcome to the website of the Acad\u00e9mie du fran\u00e7ais langue seconde (hereinafter the &#8220;Acad\u00e9mie&#8221;). This website is operated by the Academy, a non-profit organization based in New Brunswick, Canada.<\/p>\n\n\n\n<p class=\"gb-headline gb-headline-820f4ed7 gb-headline-text\">By accessing and using this Web site, you agree to be bound by these terms and conditions of use (hereinafter the &#8220;Terms&#8221;). If you do not accept these Terms, please do not use this website.<\/p>\n\n\n\n<h5 class=\"gb-headline gb-headline-15d8fc8f gb-headline-text\"><strong>Use of the website<\/strong><\/h5>\n\n\n\n<p class=\"gb-headline gb-headline-21b64045 gb-headline-text\">You agree to use this website only for lawful purposes and in accordance with these Terms. You agree not to use this Web site for any unlawful or harmful purpose, or to transmit any unlawful, harmful, libelous, defamatory, threatening, abusive, harassing, tortuous, vulgar, obscene, hateful, racially, sexually or otherwise objectionable material.<\/p>\n\n\n\n<p class=\"gb-headline gb-headline-dad7e356 gb-headline-text\">You agree not to use this Web site to transmit viruses, worms, Trojan horses or other harmful software. You agree not to use this website to interfere with the normal operation of this or any other website.<\/p>\n\n\n\n<h5 class=\"gb-headline gb-headline-6f09f854 gb-headline-text\"><strong>Intellectual property<\/strong><\/h5>\n\n\n\n<p class=\"gb-headline gb-headline-3f8290ca gb-headline-text\">This website and all its content, including text, images, audio and video, are protected by copyright and other intellectual property rights. You are not authorized to use this content without the prior written authorization of the Academy.<\/p>\n\n\n\n<h5 class=\"gb-headline gb-headline-115bd7db gb-headline-text\"><strong>Links to other websites<\/strong><\/h5>\n\n\n\n<p class=\"gb-headline gb-headline-d4fa8841 gb-headline-text\">This website may contain links to other websites. The Academy is not responsible for the content of these other websites and does not endorse their content. You access these other websites at your own risk.<\/p>\n\n\n\n<h5 class=\"gb-headline gb-headline-46e86abc gb-headline-text\"><strong>Warranty exclusions<\/strong><\/h5>\n\n\n\n<p class=\"gb-headline gb-headline-22465663 gb-headline-text\"><strong>THIS WEBSITE AND ITS CONTENTS ARE PROVIDED &#8220;AS IS&#8221; AND &#8220;AS AVAILABLE&#8221; WITHOUT WARRANTY OF ANY KIND, EITHER EXPRESS OR IMPLIED, INCLUDING, BUT NOT LIMITED TO, WARRANTIES OF ACCURACY, COMPLETENESS, TIMELINESS, NON-INFRINGEMENT, MERCHANTABILITY OR FITNESS FOR A PARTICULAR PURPOSE.<\/strong><\/p>\n\n\n\n<p class=\"gb-headline gb-headline-d2384750 gb-headline-text\"><strong>THE ACADEMY DOES NOT WARRANT THAT THIS WEBSITE WILL BE UNINTERRUPTED OR ERROR-FREE. YOU UNDERSTAND THAT YOUR USE OF THIS WEB SITE IS AT YOUR OWN RISK.<\/strong><\/p>\n\n\n\n<h5 class=\"gb-headline gb-headline-c2fe4e6e gb-headline-text\"><strong>Limitation of liability<\/strong><\/h5>\n\n\n\n<p class=\"gb-headline gb-headline-890987c8 gb-headline-text\"><strong>IN NO EVENT SHALL THE ACADEMY BE LIABLE FOR ANY DIRECT, INDIRECT, INCIDENTAL, SPECIAL, CONSEQUENTIAL OR EXEMPLARY DAMAGES, INCLUDING, BUT NOT LIMITED TO, DAMAGES FOR LOSS OF PROFITS, USE, DATA OR OTHER INTANGIBLE LOSSES, ARISING OUT OF OR IN CONNECTION WITH THE USE OR INABILITY TO USE THIS WEB SITE, EVEN IF THE ACADEMY HAS BEEN ADVISED OF THE POSSIBILITY OF SUCH DAMAGES.<\/strong><\/p>\n\n\n\n<h5 class=\"gb-headline gb-headline-6d3f9e9f gb-headline-text\"><strong>Compensation<\/strong><\/h5>\n\n\n\n<p class=\"gb-headline gb-headline-c510a177 gb-headline-text\">You agree to indemnify, defend and hold harmless the Academy, its officers, directors, employees and agents from and against any and all claims, losses, damages, liabilities, costs and expenses (including attorneys&#8217; fees) arising out of or related to your use of this Web site, or the violation of these Terms by you or anyone using your account.<\/p>\n\n\n\n<h5 class=\"gb-headline gb-headline-140c9617 gb-headline-text\"><strong>Cancellation<\/strong><\/h5>\n\n\n\n<p class=\"gb-headline gb-headline-d0576fd8 gb-headline-text\">The Academy may terminate or suspend your access to this website at any time, without notice or reason. In the event of termination or suspension, you cease to be authorized to use this website.<\/p>\n\n\n\n<h5 class=\"gb-headline gb-headline-45ab27a8 gb-headline-text\"><strong>Applicable law and jurisdiction<\/strong><\/h5>\n\n\n\n<p class=\"gb-headline gb-headline-c2462382 gb-headline-text\">These Terms shall be governed by and construed in accordance with the laws of the Province of New Brunswick, Canada. Any dispute arising out of or relating to these Terms shall be subject to the exclusive jurisdiction of the courts of the Province of New Brunswick, Canada.<\/p>\n\n\n\n<h5 class=\"gb-headline gb-headline-f1030168 gb-headline-text\"><strong>Complete<\/strong><\/h5>\n\n\n\n<p class=\"gb-headline gb-headline-e61d95f5 gb-headline-text\">These Terms constitute the entire agreement between you and the Academy with respect to the use of this website. Any modification of these Conditions will only be effective if made in writing and signed by both parties.<\/p>\n\n\n\n<h5 class=\"gb-headline gb-headline-9d0c41a9 gb-headline-text\"><strong>Waiver<\/strong><\/h5>\n\n\n\n<p class=\"gb-headline gb-headline-127df1d0 gb-headline-text\">No waiver by the Academy of any breach of any provision of these Terms shall be deemed a waiver of any subsequent breach of the same or any other provision.<\/p>\n\n\n\n<h5 class=\"gb-headline gb-headline-fd5d79c8 gb-headline-text\"><strong>General provisions<\/strong><\/h5>\n\n\n\n<p class=\"gb-headline gb-headline-7487460c gb-headline-text\">These Terms are binding on you and the Academy, and apply to the respective heirs and successors of the parties. If any provision of these Terms is held to be invalid or unenforceable, such provision shall be deleted from these Terms and the remaining provisions shall remain in full force and effect.<\/p>\n\n\n\n<h5 class=\"gb-headline gb-headline-a356a7d2 gb-headline-text\"><strong>Securities<\/strong><\/h5>\n\n\n\n<p class=\"gb-headline gb-headline-cbf429be gb-headline-text\">The headings in these Terms are for convenience only and have no legal effect.<\/p>\n\n\n\n<h5 class=\"gb-headline gb-headline-ce23a584 gb-headline-text\"><strong>Contact us<\/strong><\/h5>\n\n\n\n<p class=\"gb-headline gb-headline-37757a40 gb-headline-text\">If you have any questions about these Terms, please contact us at the following address:<\/p>\n\n\n\n<p class=\"gb-headline gb-headline-b69a5fcd gb-headline-text\"><a href=\"mailto:info@aflsa.ca\">info@aflsa.ca<\/a><\/p>\n\n<\/div>\n<div style=\"height:100px\" aria-hidden=\"true\" class=\"wp-block-spacer\"><\/div>\n","protected":false},"excerpt":{"rendered":"<p>Date modified : 17\/06\/2024 Introduction Welcome to the website of the Acad\u00e9mie du fran\u00e7ais langue seconde (hereinafter the &#8220;Acad\u00e9mie&#8221;). This website is operated by the Academy, a non-profit organization based in New Brunswick, Canada. By accessing and using this Web site, you agree to be bound by these terms and conditions of use (hereinafter the [&hellip;]<\/p>\n","protected":false},"author":1,"featured_media":0,"parent":0,"menu_order":11,"comment_status":"closed","ping_status":"closed","template":"","meta":{"_acf_changed":false,"_gspb_post_css":"","inline_featured_image":false,"footnotes":""},"folder":[],"class_list":["post-1471","page","type-page","status-publish","hentry"],"blocksy_meta":{"page_structure_type":"type-3","styles_descriptor":{"styles":{"desktop":"","tablet":"","mobile":""},"google_fonts":[],"version":6},"has_hero_section":"default","content_style_source":"inherit","vertical_spacing_source":"custom","content_area_spacing":"bottom"},"acf":[],"yoast_head":"<!-- This site is optimized with the Yoast SEO plugin v27.5 - https:\/\/yoast.com\/product\/yoast-seo-wordpress\/ -->\n<title>Terms and Conditions - AFLSA<\/title>\n<meta name=\"robots\" content=\"index, follow, max-snippet:-1, max-image-preview:large, max-video-preview:-1\" \/>\n<link rel=\"canonical\" href=\"https:\/\/aflsa.ca\/en\/general-terms-and-conditions\/\" \/>\n<meta property=\"og:locale\" content=\"en_US\" \/>\n<meta property=\"og:type\" content=\"article\" \/>\n<meta property=\"og:title\" content=\"Terms and Conditions - AFLSA\" \/>\n<meta property=\"og:description\" content=\"Date modified : 17\/06\/2024 Introduction Welcome to the website of the Acad\u00e9mie du fran\u00e7ais langue seconde (hereinafter the &#8220;Acad\u00e9mie&#8221;). This website is operated by the Academy, a non-profit organization based in New Brunswick, Canada. By accessing and using this Web site, you agree to be bound by these terms and conditions of use (hereinafter the [&hellip;]\" \/>\n<meta property=\"og:url\" content=\"https:\/\/aflsa.ca\/en\/general-terms-and-conditions\/\" \/>\n<meta property=\"og:site_name\" content=\"AFLSA\" \/>\n<meta property=\"article:modified_time\" content=\"2024-06-28T18:39:22+00:00\" \/>\n<meta name=\"twitter:card\" content=\"summary_large_image\" \/>\n<meta name=\"twitter:label1\" content=\"Est. reading time\" \/>\n\t<meta name=\"twitter:data1\" content=\"3 minutes\" \/>\n<script type=\"application\/ld+json\" class=\"yoast-schema-graph\">{\"@context\":\"https:\\\/\\\/schema.org\",\"@graph\":[{\"@type\":\"WebPage\",\"@id\":\"https:\\\/\\\/aflsa.ca\\\/en\\\/general-terms-and-conditions\\\/\",\"url\":\"https:\\\/\\\/aflsa.ca\\\/en\\\/general-terms-and-conditions\\\/\",\"name\":\"Terms and Conditions - AFLSA\",\"isPartOf\":{\"@id\":\"https:\\\/\\\/aflsa.ca\\\/en\\\/#website\"},\"datePublished\":\"2024-06-18T14:16:19+00:00\",\"dateModified\":\"2024-06-28T18:39:22+00:00\",\"breadcrumb\":{\"@id\":\"https:\\\/\\\/aflsa.ca\\\/en\\\/general-terms-and-conditions\\\/#breadcrumb\"},\"inLanguage\":\"en-US\",\"potentialAction\":[{\"@type\":\"ReadAction\",\"target\":[\"https:\\\/\\\/aflsa.ca\\\/en\\\/general-terms-and-conditions\\\/\"]}]},{\"@type\":\"BreadcrumbList\",\"@id\":\"https:\\\/\\\/aflsa.ca\\\/en\\\/general-terms-and-conditions\\\/#breadcrumb\",\"itemListElement\":[{\"@type\":\"ListItem\",\"position\":1,\"name\":\"Home\",\"item\":\"https:\\\/\\\/aflsa.ca\\\/en\\\/\"},{\"@type\":\"ListItem\",\"position\":2,\"name\":\"Terms and Conditions\"}]},{\"@type\":\"WebSite\",\"@id\":\"https:\\\/\\\/aflsa.ca\\\/en\\\/#website\",\"url\":\"https:\\\/\\\/aflsa.ca\\\/en\\\/\",\"name\":\"AFLSA\",\"description\":\"Un projet de soci\u00e9t\u00e9 pour l\u2019apprentissage du fran\u00e7ais\",\"publisher\":{\"@id\":\"https:\\\/\\\/aflsa.ca\\\/en\\\/#organization\"},\"potentialAction\":[{\"@type\":\"SearchAction\",\"target\":{\"@type\":\"EntryPoint\",\"urlTemplate\":\"https:\\\/\\\/aflsa.ca\\\/en\\\/?s={search_term_string}\"},\"query-input\":{\"@type\":\"PropertyValueSpecification\",\"valueRequired\":true,\"valueName\":\"search_term_string\"}}],\"inLanguage\":\"en-US\"},{\"@type\":\"Organization\",\"@id\":\"https:\\\/\\\/aflsa.ca\\\/en\\\/#organization\",\"name\":\"L'Acad\u00e9mie du fran\u00e7ais langue seconde de l'Atlantique\",\"url\":\"https:\\\/\\\/aflsa.ca\\\/en\\\/\",\"logo\":{\"@type\":\"ImageObject\",\"inLanguage\":\"en-US\",\"@id\":\"https:\\\/\\\/aflsa.ca\\\/en\\\/#\\\/schema\\\/logo\\\/image\\\/\",\"url\":\"https:\\\/\\\/aflsa.ca\\\/wp-content\\\/uploads\\\/2024\\\/06\\\/AFLSA-final-logo-menu-en-1.png\",\"contentUrl\":\"https:\\\/\\\/aflsa.ca\\\/wp-content\\\/uploads\\\/2024\\\/06\\\/AFLSA-final-logo-menu-en-1.png\",\"width\":800,\"height\":140,\"caption\":\"L'Acad\u00e9mie du fran\u00e7ais langue seconde de l'Atlantique\"},\"image\":{\"@id\":\"https:\\\/\\\/aflsa.ca\\\/en\\\/#\\\/schema\\\/logo\\\/image\\\/\"}}]}<\/script>\n<!-- \/ Yoast SEO plugin. -->","yoast_head_json":{"title":"Terms and Conditions - AFLSA","robots":{"index":"index","follow":"follow","max-snippet":"max-snippet:-1","max-image-preview":"max-image-preview:large","max-video-preview":"max-video-preview:-1"},"canonical":"https:\/\/aflsa.ca\/en\/general-terms-and-conditions\/","og_locale":"en_US","og_type":"article","og_title":"Terms and Conditions - AFLSA","og_description":"Date modified : 17\/06\/2024 Introduction Welcome to the website of the Acad\u00e9mie du fran\u00e7ais langue seconde (hereinafter the &#8220;Acad\u00e9mie&#8221;). This website is operated by the Academy, a non-profit organization based in New Brunswick, Canada. By accessing and using this Web site, you agree to be bound by these terms and conditions of use (hereinafter the [&hellip;]","og_url":"https:\/\/aflsa.ca\/en\/general-terms-and-conditions\/","og_site_name":"AFLSA","article_modified_time":"2024-06-28T18:39:22+00:00","twitter_card":"summary_large_image","twitter_misc":{"Est. reading time":"3 minutes"},"schema":{"@context":"https:\/\/schema.org","@graph":[{"@type":"WebPage","@id":"https:\/\/aflsa.ca\/en\/general-terms-and-conditions\/","url":"https:\/\/aflsa.ca\/en\/general-terms-and-conditions\/","name":"Terms and Conditions - AFLSA","isPartOf":{"@id":"https:\/\/aflsa.ca\/en\/#website"},"datePublished":"2024-06-18T14:16:19+00:00","dateModified":"2024-06-28T18:39:22+00:00","breadcrumb":{"@id":"https:\/\/aflsa.ca\/en\/general-terms-and-conditions\/#breadcrumb"},"inLanguage":"en-US","potentialAction":[{"@type":"ReadAction","target":["https:\/\/aflsa.ca\/en\/general-terms-and-conditions\/"]}]},{"@type":"BreadcrumbList","@id":"https:\/\/aflsa.ca\/en\/general-terms-and-conditions\/#breadcrumb","itemListElement":[{"@type":"ListItem","position":1,"name":"Home","item":"https:\/\/aflsa.ca\/en\/"},{"@type":"ListItem","position":2,"name":"Terms and Conditions"}]},{"@type":"WebSite","@id":"https:\/\/aflsa.ca\/en\/#website","url":"https:\/\/aflsa.ca\/en\/","name":"AFLSA","description":"Un projet de soci\u00e9t\u00e9 pour l\u2019apprentissage du fran\u00e7ais","publisher":{"@id":"https:\/\/aflsa.ca\/en\/#organization"},"potentialAction":[{"@type":"SearchAction","target":{"@type":"EntryPoint","urlTemplate":"https:\/\/aflsa.ca\/en\/?s={search_term_string}"},"query-input":{"@type":"PropertyValueSpecification","valueRequired":true,"valueName":"search_term_string"}}],"inLanguage":"en-US"},{"@type":"Organization","@id":"https:\/\/aflsa.ca\/en\/#organization","name":"L'Acad\u00e9mie du fran\u00e7ais langue seconde de l'Atlantique","url":"https:\/\/aflsa.ca\/en\/","logo":{"@type":"ImageObject","inLanguage":"en-US","@id":"https:\/\/aflsa.ca\/en\/#\/schema\/logo\/image\/","url":"https:\/\/aflsa.ca\/wp-content\/uploads\/2024\/06\/AFLSA-final-logo-menu-en-1.png","contentUrl":"https:\/\/aflsa.ca\/wp-content\/uploads\/2024\/06\/AFLSA-final-logo-menu-en-1.png","width":800,"height":140,"caption":"L'Acad\u00e9mie du fran\u00e7ais langue seconde de l'Atlantique"},"image":{"@id":"https:\/\/aflsa.ca\/en\/#\/schema\/logo\/image\/"}}]}},"_links":{"self":[{"href":"https:\/\/aflsa.ca\/en\/wp-json\/wp\/v2\/pages\/1471","targetHints":{"allow":["GET"]}}],"collection":[{"href":"https:\/\/aflsa.ca\/en\/wp-json\/wp\/v2\/pages"}],"about":[{"href":"https:\/\/aflsa.ca\/en\/wp-json\/wp\/v2\/types\/page"}],"author":[{"embeddable":true,"href":"https:\/\/aflsa.ca\/en\/wp-json\/wp\/v2\/users\/1"}],"replies":[{"embeddable":true,"href":"https:\/\/aflsa.ca\/en\/wp-json\/wp\/v2\/comments?post=1471"}],"version-history":[{"count":0,"href":"https:\/\/aflsa.ca\/en\/wp-json\/wp\/v2\/pages\/1471\/revisions"}],"wp:attachment":[{"href":"https:\/\/aflsa.ca\/en\/wp-json\/wp\/v2\/media?parent=1471"}],"wp:term":[{"taxonomy":"folder","embeddable":true,"href":"https:\/\/aflsa.ca\/en\/wp-json\/wp\/v2\/folder?post=1471"}],"curies":[{"name":"wp","href":"https:\/\/api.w.org\/{rel}","templated":true}]}}